{"id":910,"date":"2021-05-25T10:25:10","date_gmt":"2021-05-25T08:25:10","guid":{"rendered":"https:\/\/brechbuhl.ch\/accueil-2\/"},"modified":"2025-09-18T14:53:37","modified_gmt":"2025-09-18T12:53:37","slug":"accueil","status":"publish","type":"page","link":"https:\/\/brechbuhl.ch\/en\/","title":{"rendered":"Homepage"},"content":{"rendered":"","protected":false},"excerpt":{"rendered":"","protected":false},"author":1,"featured_media":827,"parent":0,"menu_order":5,"comment_status":"closed","ping_status":"closed","template":"page-templates\/home.php","meta":{"_acf_changed":false,"inline_featured_image":false,"footnotes":""},"class_list":["post-910","page","type-page","status-publish","has-post-thumbnail","hentry"],"acf":[],"yoast_head":"<!-- This site is optimized with the Yoast SEO plugin v27.3 - https:\/\/yoast.com\/product\/yoast-seo-wordpress\/ -->\n<title>Homepage - \u00c9cole Brechb\u00fchl \u00e0 Gen\u00e8ve<\/title>\n<meta name=\"description\" content=\"Founded in Geneva in 1875, Brechb\u00fchl School ensures academic success and personal development for children.\" \/>\n<meta name=\"robots\" content=\"index, follow, max-snippet:-1, max-image-preview:large, max-video-preview:-1\" \/>\n<link rel=\"canonical\" href=\"https:\/\/brechbuhl.ch\/en\/\" \/>\n<meta property=\"og:locale\" content=\"en_US\" \/>\n<meta property=\"og:type\" content=\"article\" \/>\n<meta property=\"og:title\" content=\"Homepage - \u00c9cole Brechb\u00fchl \u00e0 Gen\u00e8ve\" \/>\n<meta property=\"og:description\" content=\"Founded in Geneva in 1875, Brechb\u00fchl School ensures academic success and personal development for children.\" \/>\n<meta property=\"og:url\" content=\"https:\/\/brechbuhl.ch\/en\/\" \/>\n<meta property=\"og:site_name\" content=\"\u00c9cole Brechb\u00fchl \u00e0 Gen\u00e8ve\" \/>\n<meta property=\"article:modified_time\" content=\"2025-09-18T12:53:37+00:00\" \/>\n<meta property=\"og:image\" content=\"https:\/\/brechbuhl.ch\/wp-content\/uploads\/2021\/06\/tarifs.png\" \/>\n\t<meta property=\"og:image:width\" content=\"747\" \/>\n\t<meta property=\"og:image:height\" content=\"445\" \/>\n\t<meta property=\"og:image:type\" content=\"image\/png\" \/>\n<meta name=\"twitter:card\" content=\"summary_large_image\" \/>\n<meta name=\"twitter:label1\" content=\"Est. reading time\" \/>\n\t<meta name=\"twitter:data1\" content=\"1 minute\" \/>\n<script type=\"application\/ld+json\" class=\"yoast-schema-graph\">{\"@context\":\"https:\\\/\\\/schema.org\",\"@graph\":[{\"@type\":\"WebPage\",\"@id\":\"https:\\\/\\\/brechbuhl.ch\\\/en\\\/\",\"url\":\"https:\\\/\\\/brechbuhl.ch\\\/en\\\/\",\"name\":\"Homepage - \u00c9cole Brechb\u00fchl \u00e0 Gen\u00e8ve\",\"isPartOf\":{\"@id\":\"https:\\\/\\\/brechbuhl.ch\\\/#website\"},\"primaryImageOfPage\":{\"@id\":\"https:\\\/\\\/brechbuhl.ch\\\/en\\\/#primaryimage\"},\"image\":{\"@id\":\"https:\\\/\\\/brechbuhl.ch\\\/en\\\/#primaryimage\"},\"thumbnailUrl\":\"https:\\\/\\\/brechbuhl.ch\\\/wp-content\\\/uploads\\\/2021\\\/06\\\/tarifs.png\",\"datePublished\":\"2021-05-25T08:25:10+00:00\",\"dateModified\":\"2025-09-18T12:53:37+00:00\",\"description\":\"Founded in Geneva in 1875, Brechb\u00fchl School ensures academic success and personal development for children.\",\"breadcrumb\":{\"@id\":\"https:\\\/\\\/brechbuhl.ch\\\/en\\\/#breadcrumb\"},\"inLanguage\":\"en-US\",\"potentialAction\":[{\"@type\":\"ReadAction\",\"target\":[\"https:\\\/\\\/brechbuhl.ch\\\/en\\\/\"]}]},{\"@type\":\"ImageObject\",\"inLanguage\":\"en-US\",\"@id\":\"https:\\\/\\\/brechbuhl.ch\\\/en\\\/#primaryimage\",\"url\":\"https:\\\/\\\/brechbuhl.ch\\\/wp-content\\\/uploads\\\/2021\\\/06\\\/tarifs.png\",\"contentUrl\":\"https:\\\/\\\/brechbuhl.ch\\\/wp-content\\\/uploads\\\/2021\\\/06\\\/tarifs.png\",\"width\":747,\"height\":445},{\"@type\":\"BreadcrumbList\",\"@id\":\"https:\\\/\\\/brechbuhl.ch\\\/en\\\/#breadcrumb\",\"itemListElement\":[{\"@type\":\"ListItem\",\"position\":1,\"name\":\"Accueil\",\"item\":\"https:\\\/\\\/brechbuhl.ch\\\/en\\\/\"},{\"@type\":\"ListItem\",\"position\":2,\"name\":\"Homepage\"}]},{\"@type\":\"WebSite\",\"@id\":\"https:\\\/\\\/brechbuhl.ch\\\/#website\",\"url\":\"https:\\\/\\\/brechbuhl.ch\\\/\",\"name\":\"\u00c9cole Brechb\u00fchl \u00e0 Gen\u00e8ve\",\"description\":\"L\u2019\u00c9cole assure aux enfants r\u00e9ussite scolaire et \u00e9panouissement personnel.\",\"publisher\":{\"@id\":\"https:\\\/\\\/brechbuhl.ch\\\/#organization\"},\"potentialAction\":[{\"@type\":\"SearchAction\",\"target\":{\"@type\":\"EntryPoint\",\"urlTemplate\":\"https:\\\/\\\/brechbuhl.ch\\\/?s={search_term_string}\"},\"query-input\":{\"@type\":\"PropertyValueSpecification\",\"valueRequired\":true,\"valueName\":\"search_term_string\"}}],\"inLanguage\":\"en-US\"},{\"@type\":\"Organization\",\"@id\":\"https:\\\/\\\/brechbuhl.ch\\\/#organization\",\"name\":\"\u00c9cole Brechb\u00fchl \u00e0 Gen\u00e8ve\",\"url\":\"https:\\\/\\\/brechbuhl.ch\\\/\",\"logo\":{\"@type\":\"ImageObject\",\"inLanguage\":\"en-US\",\"@id\":\"https:\\\/\\\/brechbuhl.ch\\\/#\\\/schema\\\/logo\\\/image\\\/\",\"url\":\"https:\\\/\\\/brechbuhl.ch\\\/wp-content\\\/uploads\\\/2021\\\/07\\\/Logo.png\",\"contentUrl\":\"https:\\\/\\\/brechbuhl.ch\\\/wp-content\\\/uploads\\\/2021\\\/07\\\/Logo.png\",\"width\":1190,\"height\":435,\"caption\":\"\u00c9cole Brechb\u00fchl \u00e0 Gen\u00e8ve\"},\"image\":{\"@id\":\"https:\\\/\\\/brechbuhl.ch\\\/#\\\/schema\\\/logo\\\/image\\\/\"},\"sameAs\":[\"https:\\\/\\\/www.linkedin.com\\\/company\\\/ecole-brechb\u00fchl\\\/\"]}]}<\/script>\n<!-- \/ Yoast SEO plugin. -->","yoast_head_json":{"title":"Homepage - \u00c9cole Brechb\u00fchl \u00e0 Gen\u00e8ve","description":"Founded in Geneva in 1875, Brechb\u00fchl School ensures academic success and personal development for children.","robots":{"index":"index","follow":"follow","max-snippet":"max-snippet:-1","max-image-preview":"max-image-preview:large","max-video-preview":"max-video-preview:-1"},"canonical":"https:\/\/brechbuhl.ch\/en\/","og_locale":"en_US","og_type":"article","og_title":"Homepage - \u00c9cole Brechb\u00fchl \u00e0 Gen\u00e8ve","og_description":"Founded in Geneva in 1875, Brechb\u00fchl School ensures academic success and personal development for children.","og_url":"https:\/\/brechbuhl.ch\/en\/","og_site_name":"\u00c9cole Brechb\u00fchl \u00e0 Gen\u00e8ve","article_modified_time":"2025-09-18T12:53:37+00:00","og_image":[{"width":747,"height":445,"url":"https:\/\/brechbuhl.ch\/wp-content\/uploads\/2021\/06\/tarifs.png","type":"image\/png"}],"twitter_card":"summary_large_image","twitter_misc":{"Est. reading time":"1 minute"},"schema":{"@context":"https:\/\/schema.org","@graph":[{"@type":"WebPage","@id":"https:\/\/brechbuhl.ch\/en\/","url":"https:\/\/brechbuhl.ch\/en\/","name":"Homepage - \u00c9cole Brechb\u00fchl \u00e0 Gen\u00e8ve","isPartOf":{"@id":"https:\/\/brechbuhl.ch\/#website"},"primaryImageOfPage":{"@id":"https:\/\/brechbuhl.ch\/en\/#primaryimage"},"image":{"@id":"https:\/\/brechbuhl.ch\/en\/#primaryimage"},"thumbnailUrl":"https:\/\/brechbuhl.ch\/wp-content\/uploads\/2021\/06\/tarifs.png","datePublished":"2021-05-25T08:25:10+00:00","dateModified":"2025-09-18T12:53:37+00:00","description":"Founded in Geneva in 1875, Brechb\u00fchl School ensures academic success and personal development for children.","breadcrumb":{"@id":"https:\/\/brechbuhl.ch\/en\/#breadcrumb"},"inLanguage":"en-US","potentialAction":[{"@type":"ReadAction","target":["https:\/\/brechbuhl.ch\/en\/"]}]},{"@type":"ImageObject","inLanguage":"en-US","@id":"https:\/\/brechbuhl.ch\/en\/#primaryimage","url":"https:\/\/brechbuhl.ch\/wp-content\/uploads\/2021\/06\/tarifs.png","contentUrl":"https:\/\/brechbuhl.ch\/wp-content\/uploads\/2021\/06\/tarifs.png","width":747,"height":445},{"@type":"BreadcrumbList","@id":"https:\/\/brechbuhl.ch\/en\/#breadcrumb","itemListElement":[{"@type":"ListItem","position":1,"name":"Accueil","item":"https:\/\/brechbuhl.ch\/en\/"},{"@type":"ListItem","position":2,"name":"Homepage"}]},{"@type":"WebSite","@id":"https:\/\/brechbuhl.ch\/#website","url":"https:\/\/brechbuhl.ch\/","name":"\u00c9cole Brechb\u00fchl \u00e0 Gen\u00e8ve","description":"L\u2019\u00c9cole assure aux enfants r\u00e9ussite scolaire et \u00e9panouissement personnel.","publisher":{"@id":"https:\/\/brechbuhl.ch\/#organization"},"potentialAction":[{"@type":"SearchAction","target":{"@type":"EntryPoint","urlTemplate":"https:\/\/brechbuhl.ch\/?s={search_term_string}"},"query-input":{"@type":"PropertyValueSpecification","valueRequired":true,"valueName":"search_term_string"}}],"inLanguage":"en-US"},{"@type":"Organization","@id":"https:\/\/brechbuhl.ch\/#organization","name":"\u00c9cole Brechb\u00fchl \u00e0 Gen\u00e8ve","url":"https:\/\/brechbuhl.ch\/","logo":{"@type":"ImageObject","inLanguage":"en-US","@id":"https:\/\/brechbuhl.ch\/#\/schema\/logo\/image\/","url":"https:\/\/brechbuhl.ch\/wp-content\/uploads\/2021\/07\/Logo.png","contentUrl":"https:\/\/brechbuhl.ch\/wp-content\/uploads\/2021\/07\/Logo.png","width":1190,"height":435,"caption":"\u00c9cole Brechb\u00fchl \u00e0 Gen\u00e8ve"},"image":{"@id":"https:\/\/brechbuhl.ch\/#\/schema\/logo\/image\/"},"sameAs":["https:\/\/www.linkedin.com\/company\/ecole-brechb\u00fchl\/"]}]}},"_links":{"self":[{"href":"https:\/\/brechbuhl.ch\/en\/wp-json\/wp\/v2\/pages\/910","targetHints":{"allow":["GET"]}}],"collection":[{"href":"https:\/\/brechbuhl.ch\/en\/wp-json\/wp\/v2\/pages"}],"about":[{"href":"https:\/\/brechbuhl.ch\/en\/wp-json\/wp\/v2\/types\/page"}],"author":[{"embeddable":true,"href":"https:\/\/brechbuhl.ch\/en\/wp-json\/wp\/v2\/users\/1"}],"replies":[{"embeddable":true,"href":"https:\/\/brechbuhl.ch\/en\/wp-json\/wp\/v2\/comments?post=910"}],"version-history":[{"count":20,"href":"https:\/\/brechbuhl.ch\/en\/wp-json\/wp\/v2\/pages\/910\/revisions"}],"predecessor-version":[{"id":1697,"href":"https:\/\/brechbuhl.ch\/en\/wp-json\/wp\/v2\/pages\/910\/revisions\/1697"}],"wp:featuredmedia":[{"embeddable":true,"href":"https:\/\/brechbuhl.ch\/en\/wp-json\/wp\/v2\/media\/827"}],"wp:attachment":[{"href":"https:\/\/brechbuhl.ch\/en\/wp-json\/wp\/v2\/media?parent=910"}],"curies":[{"name":"wp","href":"https:\/\/api.w.org\/{rel}","templated":true}]}}