{"id":902,"date":"2021-06-01T14:00:32","date_gmt":"2021-06-01T12:00:32","guid":{"rendered":"https:\/\/brechbuhl.ch\/lecole-2\/"},"modified":"2025-09-16T08:05:10","modified_gmt":"2025-09-16T06:05:10","slug":"the-school","status":"publish","type":"page","link":"https:\/\/brechbuhl.ch\/en\/the-school\/","title":{"rendered":"The School"},"content":{"rendered":"","protected":false},"excerpt":{"rendered":"","protected":false},"author":1,"featured_media":0,"parent":0,"menu_order":0,"comment_status":"closed","ping_status":"closed","template":"","meta":{"_acf_changed":false,"inline_featured_image":false,"footnotes":""},"class_list":["post-902","page","type-page","status-publish","hentry"],"acf":[],"yoast_head":"<!-- This site is optimized with the Yoast SEO plugin v27.4 - https:\/\/yoast.com\/product\/yoast-seo-wordpress\/ -->\n<title>The School - \u00c9cole Brechb\u00fchl \u00e0 Gen\u00e8ve<\/title>\n<meta name=\"description\" content=\"Au coeur de la vieille-ville, une \u00e9cole primaire dans une structure familiale et chaleureuse.\" \/>\n<meta name=\"robots\" content=\"index, follow, max-snippet:-1, max-image-preview:large, max-video-preview:-1\" \/>\n<link rel=\"canonical\" href=\"https:\/\/brechbuhl.ch\/en\/the-school\/\" \/>\n<meta property=\"og:locale\" content=\"en_US\" \/>\n<meta property=\"og:type\" content=\"article\" \/>\n<meta property=\"og:title\" content=\"The School - \u00c9cole Brechb\u00fchl \u00e0 Gen\u00e8ve\" \/>\n<meta property=\"og:description\" content=\"Au coeur de la vieille-ville, une \u00e9cole primaire dans une structure familiale et chaleureuse.\" \/>\n<meta property=\"og:url\" content=\"https:\/\/brechbuhl.ch\/en\/the-school\/\" \/>\n<meta property=\"og:site_name\" content=\"\u00c9cole Brechb\u00fchl \u00e0 Gen\u00e8ve\" \/>\n<meta property=\"article:modified_time\" content=\"2025-09-16T06:05:10+00:00\" \/>\n<meta name=\"twitter:card\" content=\"summary_large_image\" \/>\n<script type=\"application\/ld+json\" class=\"yoast-schema-graph\">{\"@context\":\"https:\\\/\\\/schema.org\",\"@graph\":[{\"@type\":\"WebPage\",\"@id\":\"https:\\\/\\\/brechbuhl.ch\\\/en\\\/the-school\\\/\",\"url\":\"https:\\\/\\\/brechbuhl.ch\\\/en\\\/the-school\\\/\",\"name\":\"The School - \u00c9cole Brechb\u00fchl \u00e0 Gen\u00e8ve\",\"isPartOf\":{\"@id\":\"https:\\\/\\\/brechbuhl.ch\\\/#website\"},\"datePublished\":\"2021-06-01T12:00:32+00:00\",\"dateModified\":\"2025-09-16T06:05:10+00:00\",\"description\":\"Au coeur de la vieille-ville, une \u00e9cole primaire dans une structure familiale et chaleureuse.\",\"breadcrumb\":{\"@id\":\"https:\\\/\\\/brechbuhl.ch\\\/en\\\/the-school\\\/#breadcrumb\"},\"inLanguage\":\"en-US\",\"potentialAction\":[{\"@type\":\"ReadAction\",\"target\":[\"https:\\\/\\\/brechbuhl.ch\\\/en\\\/the-school\\\/\"]}]},{\"@type\":\"BreadcrumbList\",\"@id\":\"https:\\\/\\\/brechbuhl.ch\\\/en\\\/the-school\\\/#breadcrumb\",\"itemListElement\":[{\"@type\":\"ListItem\",\"position\":1,\"name\":\"Accueil\",\"item\":\"https:\\\/\\\/brechbuhl.ch\\\/en\\\/\"},{\"@type\":\"ListItem\",\"position\":2,\"name\":\"The School\"}]},{\"@type\":\"WebSite\",\"@id\":\"https:\\\/\\\/brechbuhl.ch\\\/#website\",\"url\":\"https:\\\/\\\/brechbuhl.ch\\\/\",\"name\":\"\u00c9cole Brechb\u00fchl \u00e0 Gen\u00e8ve\",\"description\":\"L\u2019\u00c9cole assure aux enfants r\u00e9ussite scolaire et \u00e9panouissement personnel.\",\"publisher\":{\"@id\":\"https:\\\/\\\/brechbuhl.ch\\\/#organization\"},\"potentialAction\":[{\"@type\":\"SearchAction\",\"target\":{\"@type\":\"EntryPoint\",\"urlTemplate\":\"https:\\\/\\\/brechbuhl.ch\\\/?s={search_term_string}\"},\"query-input\":{\"@type\":\"PropertyValueSpecification\",\"valueRequired\":true,\"valueName\":\"search_term_string\"}}],\"inLanguage\":\"en-US\"},{\"@type\":\"Organization\",\"@id\":\"https:\\\/\\\/brechbuhl.ch\\\/#organization\",\"name\":\"\u00c9cole Brechb\u00fchl \u00e0 Gen\u00e8ve\",\"url\":\"https:\\\/\\\/brechbuhl.ch\\\/\",\"logo\":{\"@type\":\"ImageObject\",\"inLanguage\":\"en-US\",\"@id\":\"https:\\\/\\\/brechbuhl.ch\\\/#\\\/schema\\\/logo\\\/image\\\/\",\"url\":\"https:\\\/\\\/brechbuhl.ch\\\/wp-content\\\/uploads\\\/2021\\\/07\\\/Logo.png\",\"contentUrl\":\"https:\\\/\\\/brechbuhl.ch\\\/wp-content\\\/uploads\\\/2021\\\/07\\\/Logo.png\",\"width\":1190,\"height\":435,\"caption\":\"\u00c9cole Brechb\u00fchl \u00e0 Gen\u00e8ve\"},\"image\":{\"@id\":\"https:\\\/\\\/brechbuhl.ch\\\/#\\\/schema\\\/logo\\\/image\\\/\"},\"sameAs\":[\"https:\\\/\\\/www.linkedin.com\\\/company\\\/ecole-brechb\u00fchl\\\/\"]}]}<\/script>\n<!-- \/ Yoast SEO plugin. -->","yoast_head_json":{"title":"The School - \u00c9cole Brechb\u00fchl \u00e0 Gen\u00e8ve","description":"Au coeur de la vieille-ville, une \u00e9cole primaire dans une structure familiale et chaleureuse.","robots":{"index":"index","follow":"follow","max-snippet":"max-snippet:-1","max-image-preview":"max-image-preview:large","max-video-preview":"max-video-preview:-1"},"canonical":"https:\/\/brechbuhl.ch\/en\/the-school\/","og_locale":"en_US","og_type":"article","og_title":"The School - \u00c9cole Brechb\u00fchl \u00e0 Gen\u00e8ve","og_description":"Au coeur de la vieille-ville, une \u00e9cole primaire dans une structure familiale et chaleureuse.","og_url":"https:\/\/brechbuhl.ch\/en\/the-school\/","og_site_name":"\u00c9cole Brechb\u00fchl \u00e0 Gen\u00e8ve","article_modified_time":"2025-09-16T06:05:10+00:00","twitter_card":"summary_large_image","schema":{"@context":"https:\/\/schema.org","@graph":[{"@type":"WebPage","@id":"https:\/\/brechbuhl.ch\/en\/the-school\/","url":"https:\/\/brechbuhl.ch\/en\/the-school\/","name":"The School - \u00c9cole Brechb\u00fchl \u00e0 Gen\u00e8ve","isPartOf":{"@id":"https:\/\/brechbuhl.ch\/#website"},"datePublished":"2021-06-01T12:00:32+00:00","dateModified":"2025-09-16T06:05:10+00:00","description":"Au coeur de la vieille-ville, une \u00e9cole primaire dans une structure familiale et chaleureuse.","breadcrumb":{"@id":"https:\/\/brechbuhl.ch\/en\/the-school\/#breadcrumb"},"inLanguage":"en-US","potentialAction":[{"@type":"ReadAction","target":["https:\/\/brechbuhl.ch\/en\/the-school\/"]}]},{"@type":"BreadcrumbList","@id":"https:\/\/brechbuhl.ch\/en\/the-school\/#breadcrumb","itemListElement":[{"@type":"ListItem","position":1,"name":"Accueil","item":"https:\/\/brechbuhl.ch\/en\/"},{"@type":"ListItem","position":2,"name":"The School"}]},{"@type":"WebSite","@id":"https:\/\/brechbuhl.ch\/#website","url":"https:\/\/brechbuhl.ch\/","name":"\u00c9cole Brechb\u00fchl \u00e0 Gen\u00e8ve","description":"L\u2019\u00c9cole assure aux enfants r\u00e9ussite scolaire et \u00e9panouissement personnel.","publisher":{"@id":"https:\/\/brechbuhl.ch\/#organization"},"potentialAction":[{"@type":"SearchAction","target":{"@type":"EntryPoint","urlTemplate":"https:\/\/brechbuhl.ch\/?s={search_term_string}"},"query-input":{"@type":"PropertyValueSpecification","valueRequired":true,"valueName":"search_term_string"}}],"inLanguage":"en-US"},{"@type":"Organization","@id":"https:\/\/brechbuhl.ch\/#organization","name":"\u00c9cole Brechb\u00fchl \u00e0 Gen\u00e8ve","url":"https:\/\/brechbuhl.ch\/","logo":{"@type":"ImageObject","inLanguage":"en-US","@id":"https:\/\/brechbuhl.ch\/#\/schema\/logo\/image\/","url":"https:\/\/brechbuhl.ch\/wp-content\/uploads\/2021\/07\/Logo.png","contentUrl":"https:\/\/brechbuhl.ch\/wp-content\/uploads\/2021\/07\/Logo.png","width":1190,"height":435,"caption":"\u00c9cole Brechb\u00fchl \u00e0 Gen\u00e8ve"},"image":{"@id":"https:\/\/brechbuhl.ch\/#\/schema\/logo\/image\/"},"sameAs":["https:\/\/www.linkedin.com\/company\/ecole-brechb\u00fchl\/"]}]}},"_links":{"self":[{"href":"https:\/\/brechbuhl.ch\/en\/wp-json\/wp\/v2\/pages\/902","targetHints":{"allow":["GET"]}}],"collection":[{"href":"https:\/\/brechbuhl.ch\/en\/wp-json\/wp\/v2\/pages"}],"about":[{"href":"https:\/\/brechbuhl.ch\/en\/wp-json\/wp\/v2\/types\/page"}],"author":[{"embeddable":true,"href":"https:\/\/brechbuhl.ch\/en\/wp-json\/wp\/v2\/users\/1"}],"replies":[{"embeddable":true,"href":"https:\/\/brechbuhl.ch\/en\/wp-json\/wp\/v2\/comments?post=902"}],"version-history":[{"count":7,"href":"https:\/\/brechbuhl.ch\/en\/wp-json\/wp\/v2\/pages\/902\/revisions"}],"predecessor-version":[{"id":1673,"href":"https:\/\/brechbuhl.ch\/en\/wp-json\/wp\/v2\/pages\/902\/revisions\/1673"}],"wp:attachment":[{"href":"https:\/\/brechbuhl.ch\/en\/wp-json\/wp\/v2\/media?parent=902"}],"curies":[{"name":"wp","href":"https:\/\/api.w.org\/{rel}","templated":true}]}}